{"id":144,"date":"2026-04-17T01:06:05","date_gmt":"2026-04-17T04:06:05","guid":{"rendered":"https:\/\/lucianovolonnino.me\/?page_id=144"},"modified":"2026-04-17T09:00:43","modified_gmt":"2026-04-17T12:00:43","slug":"campana-youtube","status":"publish","type":"page","link":"https:\/\/lucianovolonnino.me\/?page_id=144","title":{"rendered":"Campa\u00f1a YouTube &#8220;Cero Anuncios&#8221;"},"content":{"rendered":"\n<div class=\"wp-block-group has-global-padding is-layout-constrained wp-block-group-is-layout-constrained\">\n<div class=\"wp-block-columns is-layout-flex wp-container-core-columns-is-layout-4109350d wp-block-columns-is-layout-flex\" style=\"margin-top:0;margin-bottom:0;padding-top:0;padding-right:0;padding-bottom:0;padding-left:0\">\n<div class=\"wp-block-column is-layout-flow wp-block-column-is-layout-flow\" style=\"flex-basis:80%\"><\/div>\n<\/div>\n\n\n\n<p>En esta campa\u00f1a realizamos una calendarizaci\u00f3n con el eslogan \u201c<strong>Cero Anunci\u00f3s<\/strong>\u201d, la cu\u00e1l dur\u00f3 un mes, en la que nos enfocamos en la expansi\u00f3n de la marca y el feedback con la gente, con el objetivo principal de obtener nuevas suscripciones a <strong>YouTube Premium<\/strong>, adem\u00e1s de reforzar la identidad de la marca y que est\u00e9 en boca de todos por m\u00e1s de que sea la plataforma l\u00edder en su rubro, no as\u00ed en <strong>YouTube Music<\/strong>.<\/p>\n\n\n\n<h2 class=\"wp-block-heading\">1. Adquisici\u00f3n<\/h2>\n\n\n\n<p>Damos a conocer nuestra marca con un anuncio copado con algo cotidiano, si no ten\u00e9s anuncios sos m\u00e1s libre.<\/p>\n\n\n\n<p>Cero anuncios = eleg\u00ed ser feliz.<\/p>\n\n\n\n<figure class=\"wp-block-image\"><img loading=\"lazy\" decoding=\"async\" width=\"1920\" height=\"1080\" src=\"https:\/\/lucianovolonnino.me\/wp-content\/uploads\/2026\/04\/Youtube2-3.jpg\" alt=\"\" class=\"wp-image-193\" srcset=\"https:\/\/lucianovolonnino.me\/wp-content\/uploads\/2026\/04\/Youtube2-3.jpg 1920w, https:\/\/lucianovolonnino.me\/wp-content\/uploads\/2026\/04\/Youtube2-3-300x169.jpg 300w, https:\/\/lucianovolonnino.me\/wp-content\/uploads\/2026\/04\/Youtube2-3-1024x576.jpg 1024w, https:\/\/lucianovolonnino.me\/wp-content\/uploads\/2026\/04\/Youtube2-3-768x432.jpg 768w, https:\/\/lucianovolonnino.me\/wp-content\/uploads\/2026\/04\/Youtube2-3-1536x864.jpg 1536w\" sizes=\"auto, (max-width: 1920px) 100vw, 1920px\" \/><\/figure>\n\n\n\n<h2 class=\"wp-block-heading\">2. Activaci\u00f3n<\/h2>\n\n\n\n<p>Creamos un video con el eslogan de \u201cAprovecha tu tiempo\u201d, poniendo el foco en esta consigna le dimos vida a este anuncio con un marcado dinamismo, que juega con el pensamiento, sentimiento y deseo de los consumidores, dejando en claro que con YouTube Premium, no solo salteas anuncios, sino que ganas tiempo. Podr\u00eda pensarse que es un anuncio contraproducente, pero el consumidor no va a salir a hacerse un viaje por el mundo, sino afirmar el concepto de la libertad, y si lo hace, lo va a hacer no solo acompa\u00f1ado, sino tambi\u00e9n gracias a YouTube.<\/p>\n\n\n\n<figure class=\"wp-block-video\"><video height=\"720\" style=\"aspect-ratio: 1280 \/ 720;\" width=\"1280\" autoplay controls loop muted src=\"https:\/\/lucianovolonnino.me\/wp-content\/uploads\/2026\/04\/2.-Activacion-3.mp4\" playsinline><\/video><\/figure>\n\n\n\n<h2 class=\"wp-block-heading\">3. Retenci\u00f3n (Publicaci\u00f3n en X)<\/h2>\n\n\n\n<p>Buscamos generar contenido que produzca cierto <strong>misterio e impacto<\/strong> con el fin de que potenciales clientes se queden en el anuncio el <strong>mayor tiempo posible<\/strong>, y que ante la incertidumbre escaneen el c\u00f3digo QR.<\/p>\n\n\n\n<p>Introducimos el \u201c<strong>error<\/strong>\u201d de poner tres veces la palabra \u201cAprovecha\u201d para generar un <strong>mayor volumen de interacciones<\/strong>, por otro lado se deja descifrar que el anuncio hace referencia YouTube Premium, no dejando al azar de que puede llegar a tratarse el mensaje. Al ingresar al QR vamos a ver todos los beneficios de ser un usuario Premium.<\/p>\n\n\n\n<figure class=\"wp-block-image\"><img loading=\"lazy\" decoding=\"async\" width=\"1920\" height=\"1080\" src=\"https:\/\/lucianovolonnino.me\/wp-content\/uploads\/2026\/04\/YoutubeX.jpg\" alt=\"\" class=\"wp-image-209\" srcset=\"https:\/\/lucianovolonnino.me\/wp-content\/uploads\/2026\/04\/YoutubeX.jpg 1920w, https:\/\/lucianovolonnino.me\/wp-content\/uploads\/2026\/04\/YoutubeX-300x169.jpg 300w, https:\/\/lucianovolonnino.me\/wp-content\/uploads\/2026\/04\/YoutubeX-1024x576.jpg 1024w, https:\/\/lucianovolonnino.me\/wp-content\/uploads\/2026\/04\/YoutubeX-768x432.jpg 768w, https:\/\/lucianovolonnino.me\/wp-content\/uploads\/2026\/04\/YoutubeX-1536x864.jpg 1536w\" sizes=\"auto, (max-width: 1920px) 100vw, 1920px\" \/><\/figure>\n\n\n\n<h2 class=\"wp-block-heading\">4. Venta<\/h2>\n\n\n\n<p>Te invitamos a ser parte, reforzando la idea de la molestia que causan los anuncios y los amplios beneficios que ten\u00e9s sin ellos.<\/p>\n\n\n\n<p>Campa\u00f1a cero anuncios: Menos estr\u00e9s, m\u00e1s tiempo, m\u00e1s libertad. Tu tiempo y tu entretenimiento hacen de tu vida mejor, conseguilo con YouTube Premium.<\/p>\n\n\n\n<figure class=\"wp-block-video\"><video height=\"1920\" style=\"aspect-ratio: 1080 \/ 1920;\" width=\"1080\" autoplay controls loop muted src=\"https:\/\/lucianovolonnino.me\/wp-content\/uploads\/2026\/04\/Presentacion-Google-2.mp4\" playsinline><\/video><\/figure>\n\n\n\n<h2 class=\"wp-block-heading\">5. Referencia<\/h2>\n\n\n\n<p>Te invitamos a pasarte al plan familiar con el objetivo de que mantengas el servicio premium, nosotros te hacemos \u201cun favor\u201d, vos nos das m\u00e1s clientes, el objetivo es fidelizar, seguramente tengamos nuevos usuarios Premium por un muy largo tiempo, por no decir para siempre.<\/p>\n\n\n\n<figure class=\"wp-block-image\"><img loading=\"lazy\" decoding=\"async\" width=\"1080\" height=\"1350\" src=\"https:\/\/lucianovolonnino.me\/wp-content\/uploads\/2026\/04\/Presentacion-Google.gif\" alt=\"\" class=\"wp-image-215\"\/><\/figure>\n\n\n\n<h2 class=\"wp-block-heading has-text-align-center\">Calendarizaci\u00f3n<\/h2>\n\n\n\n<figure class=\"wp-block-image\"><img loading=\"lazy\" decoding=\"async\" width=\"1920\" height=\"1080\" src=\"https:\/\/lucianovolonnino.me\/wp-content\/uploads\/2026\/04\/Presentacion-Google.png\" alt=\"\" class=\"wp-image-219\" srcset=\"https:\/\/lucianovolonnino.me\/wp-content\/uploads\/2026\/04\/Presentacion-Google.png 1920w, https:\/\/lucianovolonnino.me\/wp-content\/uploads\/2026\/04\/Presentacion-Google-300x169.png 300w, https:\/\/lucianovolonnino.me\/wp-content\/uploads\/2026\/04\/Presentacion-Google-1024x576.png 1024w, https:\/\/lucianovolonnino.me\/wp-content\/uploads\/2026\/04\/Presentacion-Google-768x432.png 768w, https:\/\/lucianovolonnino.me\/wp-content\/uploads\/2026\/04\/Presentacion-Google-1536x864.png 1536w\" sizes=\"auto, (max-width: 1920px) 100vw, 1920px\" \/><\/figure>\n<\/div>\n","protected":false},"excerpt":{"rendered":"<p>En esta campa\u00f1a realizamos una calendarizaci\u00f3n con el eslogan \u201cCero Anunci\u00f3s\u201d, la cu\u00e1l dur\u00f3 un mes, en la que nos enfocamos en la expansi\u00f3n de la marca y el feedback con la gente, con el objetivo principal de obtener nuevas suscripciones a YouTube Premium, adem\u00e1s de reforzar la identidad de la marca y que est\u00e9 [&hellip;]<\/p>\n","protected":false},"author":1,"featured_media":0,"parent":0,"menu_order":0,"comment_status":"closed","ping_status":"closed","template":"","meta":{"footnotes":""},"class_list":["post-144","page","type-page","status-publish","hentry"],"_links":{"self":[{"href":"https:\/\/lucianovolonnino.me\/index.php?rest_route=\/wp\/v2\/pages\/144","targetHints":{"allow":["GET"]}}],"collection":[{"href":"https:\/\/lucianovolonnino.me\/index.php?rest_route=\/wp\/v2\/pages"}],"about":[{"href":"https:\/\/lucianovolonnino.me\/index.php?rest_route=\/wp\/v2\/types\/page"}],"author":[{"embeddable":true,"href":"https:\/\/lucianovolonnino.me\/index.php?rest_route=\/wp\/v2\/users\/1"}],"replies":[{"embeddable":true,"href":"https:\/\/lucianovolonnino.me\/index.php?rest_route=%2Fwp%2Fv2%2Fcomments&post=144"}],"version-history":[{"count":50,"href":"https:\/\/lucianovolonnino.me\/index.php?rest_route=\/wp\/v2\/pages\/144\/revisions"}],"predecessor-version":[{"id":220,"href":"https:\/\/lucianovolonnino.me\/index.php?rest_route=\/wp\/v2\/pages\/144\/revisions\/220"}],"wp:attachment":[{"href":"https:\/\/lucianovolonnino.me\/index.php?rest_route=%2Fwp%2Fv2%2Fmedia&parent=144"}],"curies":[{"name":"wp","href":"https:\/\/api.w.org\/{rel}","templated":true}]}}